{"id":10127,"date":"2025-01-21T16:13:18","date_gmt":"2025-01-21T16:13:18","guid":{"rendered":"https:\/\/www.binaryconfidence.com\/?page_id=10127"},"modified":"2025-12-15T12:12:58","modified_gmt":"2025-12-15T12:12:58","slug":"ems-policy","status":"publish","type":"page","link":"https:\/\/www.binaryconfidence.com\/en\/ems-policy\/","title":{"rendered":"EMS Policy"},"content":{"rendered":"<div data-elementor-type=\"wp-page\" data-elementor-id=\"10127\" class=\"elementor elementor-10127\" data-elementor-post-type=\"page\">\n\t\t\t\t<div class=\"elementor-element elementor-element-bd13d28 e-flex e-con-boxed e-con e-parent\" data-id=\"bd13d28\" data-element_type=\"container\" data-e-type=\"container\">\n\t\t\t\t\t<div class=\"e-con-inner\">\n\t\t\t\t<div class=\"elementor-element elementor-element-24f5104 elementor-widget elementor-widget-heading\" data-id=\"24f5104\" data-element_type=\"widget\" data-e-type=\"widget\" data-widget_type=\"heading.default\">\n\t\t\t\t<div class=\"elementor-widget-container\">\n\t\t\t\t\t<h1 class=\"elementor-heading-title elementor-size-default\">Environmental Policy<\/h1>\t\t\t\t<\/div>\n\t\t\t\t<\/div>\n\t\t\t\t\t<\/div>\n\t\t\t\t<\/div>\n\t\t<div class=\"elementor-element elementor-element-fc2e3ef e-flex e-con-boxed e-con e-parent\" data-id=\"fc2e3ef\" data-element_type=\"container\" data-e-type=\"container\">\n\t\t\t\t\t<div class=\"e-con-inner\">\n\t\t\t\t<div class=\"elementor-element elementor-element-f305755 elementor-widget__width-initial elementor-widget elementor-widget-text-editor\" data-id=\"f305755\" data-element_type=\"widget\" data-e-type=\"widget\" data-widget_type=\"text-editor.default\">\n\t\t\t\t<div class=\"elementor-widget-container\">\n\t\t\t\t\t\t\t\t\t<p class=\"translation-block\">The basic orientation of Binary Confidence s.r.o. is to maintain an Environmental Management System (EMS) according to compliance obligations by following the principles and requirements of ISO14001; EMS capable of identifying and controlling the environmental impact of its activities, products and services, and to continually improving its environmental performance.<\/p><p class=\"translation-block\">Company's commitment is to support the protection of the environment that includes sustainable resource use,\nprotection of biodiversity and ecosystem, and addressing other relevant environmental issues such as pollution,\nwaste of natural resources and hazardous liquidation of waste.<\/p><p class=\"translation-block\">Company\u2019s top management commitment is to ensure environmental protection not only at work environment but\nalso to encourage and raise awareness of employees to care about environmental impacts at home and in day-to-day family life.<\/p><p class=\"translation-block\">Company\u2019s recognizes both direct and indirect environmental aspects that company\u2019s activities, products and\nservices may affect the environment having significant negative impact to its sustainability.<\/p><p class=\"translation-block\">Company considers the protection of environment as an important objective that is in line with company\u2019s business\nobjective to be competitive on the market. Company also recognizes the opportunity to fulfill the requirements of\nSlovak law 343\/2015 and be able to apply for public procurements.<\/p>\t\t\t\t\t\t\t\t<\/div>\n\t\t\t\t<\/div>\n\t\t\t\t<div class=\"elementor-element elementor-element-3c8f2a6 elementor-widget__width-initial elementor-widget elementor-widget-text-editor\" data-id=\"3c8f2a6\" data-element_type=\"widget\" data-e-type=\"widget\" data-widget_type=\"text-editor.default\">\n\t\t\t\t<div class=\"elementor-widget-container\">\n\t\t\t\t\t\t\t\t\t<p class=\"translation-block\">Company\u2019s commitment to the continual improvement of EMS will be achieved through:<\/p><ul><li class=\"translation-block\">Top management commitment and assigning appropriate resources<\/li><li class=\"translation-block\">Consideration of context of the organization and aligning the Environmental Management System (EMS)\nwith the strategic direction of Binary Confidence s.r.o.<\/li><li class=\"translation-block\">Satisfying applicable statutory and regulatory requirements<\/li><li class=\"translation-block\">Identifying EMS aspects, climate changes, possible impacts and impact mitigation by EMS objectives<\/li><li class=\"translation-block\">Employee involvement in maintaining and continuously improving EMS not only at work but also in\neveryday family life, in order to prevent deterioration and damage to the\nthe environment<\/li><li><span dir=\"ltr\" role=\"presentation\">Continuously managing effective internal and external communication<\/span><\/li><li><span dir=\"ltr\" role=\"presentation\">Providing relevant training and education to our employees in order to prevent environmental pollution,\npreserve natural resources and improve the EMS<\/span><\/li><\/ul>\t\t\t\t\t\t\t\t<\/div>\n\t\t\t\t<\/div>\n\t\t\t\t\t<\/div>\n\t\t\t\t<\/div>\n\t\t\t\t<\/div>","protected":false},"excerpt":{"rendered":"<p>Environment\u00e1lna politika Hlavn\u00fdm cie\u013eom spolo\u010dnosti Binary Confidence s.r.o. (\u010falej len \u201espolo\u010dnos\u0165\u201c) je udr\u017eiava\u0165\u00a0syst\u00e9menvironment\u00e1lneho mana\u017e\u00e9rstva (EMS) v s\u00falade s povinnos\u0165ami dodr\u017eiavania predpisov pod\u013ea z\u00e1sad apo\u017eiadaviek normy ISO14001; EMS schopn\u00fd identifikova\u0165 a kontrolova\u0165 vplyv svojich \u010dinnost\u00ed, v\u00fdrobkov aslu\u017eieb na \u017eivotn\u00e9 prostredie a neust\u00e1le zlep\u0161ova\u0165 svoje environment\u00e1lne spr\u00e1vanie. Spolo\u010dnos\u0165 sa z\u00e1v\u00e4zuje podporova\u0165 ochranu \u017eivotn\u00e9ho prostredia, \u010do zah\u0155\u0148a udr\u017eate\u013en\u00e9 [&hellip;]<\/p>\n","protected":false},"author":1,"featured_media":0,"parent":0,"menu_order":0,"comment_status":"closed","ping_status":"closed","template":"","meta":{"_acf_changed":false,"_monsterinsights_skip_tracking":false,"_monsterinsights_sitenote_active":false,"_monsterinsights_sitenote_note":"","_monsterinsights_sitenote_category":0,"_uf_show_specific_survey":0,"_uf_disable_surveys":false,"footnotes":""},"class_list":["post-10127","page","type-page","status-publish","hentry"],"acf":[],"yoast_head":"<!-- This site is optimized with the Yoast SEO plugin v27.4 - https:\/\/yoast.com\/product\/yoast-seo-wordpress\/ -->\n<title>EMS Policy - Binary Confidence<\/title>\n<meta name=\"robots\" content=\"index, follow, max-snippet:-1, max-image-preview:large, max-video-preview:-1\" \/>\n<link rel=\"canonical\" href=\"https:\/\/www.binaryconfidence.com\/en\/ems-policy\/\" \/>\n<meta property=\"og:locale\" content=\"en_GB\" \/>\n<meta property=\"og:type\" content=\"article\" \/>\n<meta property=\"og:title\" content=\"EMS Policy - Binary Confidence\" \/>\n<meta property=\"og:description\" content=\"Environment\u00e1lna politika Hlavn\u00fdm cie\u013eom spolo\u010dnosti Binary Confidence s.r.o. (\u010falej len \u201espolo\u010dnos\u0165\u201c) je udr\u017eiava\u0165\u00a0syst\u00e9menvironment\u00e1lneho mana\u017e\u00e9rstva (EMS) v s\u00falade s povinnos\u0165ami dodr\u017eiavania predpisov pod\u013ea z\u00e1sad apo\u017eiadaviek normy ISO14001; EMS schopn\u00fd identifikova\u0165 a kontrolova\u0165 vplyv svojich \u010dinnost\u00ed, v\u00fdrobkov aslu\u017eieb na \u017eivotn\u00e9 prostredie a neust\u00e1le zlep\u0161ova\u0165 svoje environment\u00e1lne spr\u00e1vanie. Spolo\u010dnos\u0165 sa z\u00e1v\u00e4zuje podporova\u0165 ochranu \u017eivotn\u00e9ho prostredia, \u010do zah\u0155\u0148a udr\u017eate\u013en\u00e9 [&hellip;]\" \/>\n<meta property=\"og:url\" content=\"https:\/\/www.binaryconfidence.com\/en\/ems-policy\/\" \/>\n<meta property=\"og:site_name\" content=\"Binary Confidence\" \/>\n<meta property=\"article:publisher\" content=\"https:\/\/www.facebook.com\/BinConf\" \/>\n<meta property=\"article:modified_time\" content=\"2025-12-15T12:12:58+00:00\" \/>\n<meta property=\"og:image\" content=\"https:\/\/www.binaryconfidence.com\/wp-content\/uploads\/2024\/02\/Secondary-Logo-Dark-Mode.png\" \/>\n\t<meta property=\"og:image:width\" content=\"1480\" \/>\n\t<meta property=\"og:image:height\" content=\"1940\" \/>\n\t<meta property=\"og:image:type\" content=\"image\/png\" \/>\n<meta name=\"twitter:card\" content=\"summary_large_image\" \/>\n<meta name=\"twitter:site\" content=\"@binaryconf\" \/>\n<meta name=\"twitter:label1\" content=\"Estimated reading time\" \/>\n\t<meta name=\"twitter:data1\" content=\"2 minutes\" \/>\n<script type=\"application\/ld+json\" class=\"yoast-schema-graph\">{\"@context\":\"https:\\\/\\\/schema.org\",\"@graph\":[{\"@type\":\"WebPage\",\"@id\":\"https:\\\/\\\/www.binaryconfidence.com\\\/ems-policy\\\/\",\"url\":\"https:\\\/\\\/www.binaryconfidence.com\\\/ems-policy\\\/\",\"name\":\"EMS Policy - Binary Confidence\",\"isPartOf\":{\"@id\":\"https:\\\/\\\/www.binaryconfidence.com\\\/#website\"},\"datePublished\":\"2025-01-21T16:13:18+00:00\",\"dateModified\":\"2025-12-15T12:12:58+00:00\",\"breadcrumb\":{\"@id\":\"https:\\\/\\\/www.binaryconfidence.com\\\/ems-policy\\\/#breadcrumb\"},\"inLanguage\":\"en-GB\",\"potentialAction\":[{\"@type\":\"ReadAction\",\"target\":[\"https:\\\/\\\/www.binaryconfidence.com\\\/ems-policy\\\/\"]}]},{\"@type\":\"BreadcrumbList\",\"@id\":\"https:\\\/\\\/www.binaryconfidence.com\\\/ems-policy\\\/#breadcrumb\",\"itemListElement\":[{\"@type\":\"ListItem\",\"position\":1,\"name\":\"Home\",\"item\":\"https:\\\/\\\/www.binaryconfidence.com\\\/\"},{\"@type\":\"ListItem\",\"position\":2,\"name\":\"EMS Policy\"}]},{\"@type\":\"WebSite\",\"@id\":\"https:\\\/\\\/www.binaryconfidence.com\\\/#website\",\"url\":\"https:\\\/\\\/www.binaryconfidence.com\\\/\",\"name\":\"Binary Confidence\",\"description\":\"Binary Confidence\",\"publisher\":{\"@id\":\"https:\\\/\\\/www.binaryconfidence.com\\\/#organization\"},\"potentialAction\":[{\"@type\":\"SearchAction\",\"target\":{\"@type\":\"EntryPoint\",\"urlTemplate\":\"https:\\\/\\\/www.binaryconfidence.com\\\/?s={search_term_string}\"},\"query-input\":{\"@type\":\"PropertyValueSpecification\",\"valueRequired\":true,\"valueName\":\"search_term_string\"}}],\"inLanguage\":\"en-GB\"},{\"@type\":\"Organization\",\"@id\":\"https:\\\/\\\/www.binaryconfidence.com\\\/#organization\",\"name\":\"Binary Confidence\",\"url\":\"https:\\\/\\\/www.binaryconfidence.com\\\/\",\"logo\":{\"@type\":\"ImageObject\",\"inLanguage\":\"en-GB\",\"@id\":\"https:\\\/\\\/www.binaryconfidence.com\\\/#\\\/schema\\\/logo\\\/image\\\/\",\"url\":\"https:\\\/\\\/www.binaryconfidence.com\\\/wp-content\\\/uploads\\\/2023\\\/12\\\/Binary-Confidence-Secondary-Logo.svg\",\"contentUrl\":\"https:\\\/\\\/www.binaryconfidence.com\\\/wp-content\\\/uploads\\\/2023\\\/12\\\/Binary-Confidence-Secondary-Logo.svg\",\"caption\":\"Binary Confidence\"},\"image\":{\"@id\":\"https:\\\/\\\/www.binaryconfidence.com\\\/#\\\/schema\\\/logo\\\/image\\\/\"},\"sameAs\":[\"https:\\\/\\\/www.facebook.com\\\/BinConf\",\"https:\\\/\\\/x.com\\\/binaryconf\",\"https:\\\/\\\/www.youtube.com\\\/@binaryconfidence\",\"https:\\\/\\\/www.linkedin.com\\\/company\\\/binary-confidence\\\/\"]}]}<\/script>\n<!-- \/ Yoast SEO plugin. -->","yoast_head_json":{"title":"EMS Policy - Binary Confidence","robots":{"index":"index","follow":"follow","max-snippet":"max-snippet:-1","max-image-preview":"max-image-preview:large","max-video-preview":"max-video-preview:-1"},"canonical":"https:\/\/www.binaryconfidence.com\/en\/ems-policy\/","og_locale":"en_GB","og_type":"article","og_title":"EMS Policy - Binary Confidence","og_description":"Environment\u00e1lna politika Hlavn\u00fdm cie\u013eom spolo\u010dnosti Binary Confidence s.r.o. (\u010falej len \u201espolo\u010dnos\u0165\u201c) je udr\u017eiava\u0165\u00a0syst\u00e9menvironment\u00e1lneho mana\u017e\u00e9rstva (EMS) v s\u00falade s povinnos\u0165ami dodr\u017eiavania predpisov pod\u013ea z\u00e1sad apo\u017eiadaviek normy ISO14001; EMS schopn\u00fd identifikova\u0165 a kontrolova\u0165 vplyv svojich \u010dinnost\u00ed, v\u00fdrobkov aslu\u017eieb na \u017eivotn\u00e9 prostredie a neust\u00e1le zlep\u0161ova\u0165 svoje environment\u00e1lne spr\u00e1vanie. Spolo\u010dnos\u0165 sa z\u00e1v\u00e4zuje podporova\u0165 ochranu \u017eivotn\u00e9ho prostredia, \u010do zah\u0155\u0148a udr\u017eate\u013en\u00e9 [&hellip;]","og_url":"https:\/\/www.binaryconfidence.com\/en\/ems-policy\/","og_site_name":"Binary Confidence","article_publisher":"https:\/\/www.facebook.com\/BinConf","article_modified_time":"2025-12-15T12:12:58+00:00","og_image":[{"width":1480,"height":1940,"url":"https:\/\/www.binaryconfidence.com\/wp-content\/uploads\/2024\/02\/Secondary-Logo-Dark-Mode.png","type":"image\/png"}],"twitter_card":"summary_large_image","twitter_site":"@binaryconf","twitter_misc":{"Estimated reading time":"2 minutes"},"schema":{"@context":"https:\/\/schema.org","@graph":[{"@type":"WebPage","@id":"https:\/\/www.binaryconfidence.com\/ems-policy\/","url":"https:\/\/www.binaryconfidence.com\/ems-policy\/","name":"EMS Policy - Binary Confidence","isPartOf":{"@id":"https:\/\/www.binaryconfidence.com\/#website"},"datePublished":"2025-01-21T16:13:18+00:00","dateModified":"2025-12-15T12:12:58+00:00","breadcrumb":{"@id":"https:\/\/www.binaryconfidence.com\/ems-policy\/#breadcrumb"},"inLanguage":"en-GB","potentialAction":[{"@type":"ReadAction","target":["https:\/\/www.binaryconfidence.com\/ems-policy\/"]}]},{"@type":"BreadcrumbList","@id":"https:\/\/www.binaryconfidence.com\/ems-policy\/#breadcrumb","itemListElement":[{"@type":"ListItem","position":1,"name":"Home","item":"https:\/\/www.binaryconfidence.com\/"},{"@type":"ListItem","position":2,"name":"EMS Policy"}]},{"@type":"WebSite","@id":"https:\/\/www.binaryconfidence.com\/#website","url":"https:\/\/www.binaryconfidence.com\/","name":"Binary Confidence","description":"Binary Confidence","publisher":{"@id":"https:\/\/www.binaryconfidence.com\/#organization"},"potentialAction":[{"@type":"SearchAction","target":{"@type":"EntryPoint","urlTemplate":"https:\/\/www.binaryconfidence.com\/?s={search_term_string}"},"query-input":{"@type":"PropertyValueSpecification","valueRequired":true,"valueName":"search_term_string"}}],"inLanguage":"en-GB"},{"@type":"Organization","@id":"https:\/\/www.binaryconfidence.com\/#organization","name":"Binary Confidence","url":"https:\/\/www.binaryconfidence.com\/","logo":{"@type":"ImageObject","inLanguage":"en-GB","@id":"https:\/\/www.binaryconfidence.com\/#\/schema\/logo\/image\/","url":"https:\/\/www.binaryconfidence.com\/wp-content\/uploads\/2023\/12\/Binary-Confidence-Secondary-Logo.svg","contentUrl":"https:\/\/www.binaryconfidence.com\/wp-content\/uploads\/2023\/12\/Binary-Confidence-Secondary-Logo.svg","caption":"Binary Confidence"},"image":{"@id":"https:\/\/www.binaryconfidence.com\/#\/schema\/logo\/image\/"},"sameAs":["https:\/\/www.facebook.com\/BinConf","https:\/\/x.com\/binaryconf","https:\/\/www.youtube.com\/@binaryconfidence","https:\/\/www.linkedin.com\/company\/binary-confidence\/"]}]}},"_links":{"self":[{"href":"https:\/\/www.binaryconfidence.com\/en\/wp-json\/wp\/v2\/pages\/10127","targetHints":{"allow":["GET"]}}],"collection":[{"href":"https:\/\/www.binaryconfidence.com\/en\/wp-json\/wp\/v2\/pages"}],"about":[{"href":"https:\/\/www.binaryconfidence.com\/en\/wp-json\/wp\/v2\/types\/page"}],"author":[{"embeddable":true,"href":"https:\/\/www.binaryconfidence.com\/en\/wp-json\/wp\/v2\/users\/1"}],"replies":[{"embeddable":true,"href":"https:\/\/www.binaryconfidence.com\/en\/wp-json\/wp\/v2\/comments?post=10127"}],"version-history":[{"count":49,"href":"https:\/\/www.binaryconfidence.com\/en\/wp-json\/wp\/v2\/pages\/10127\/revisions"}],"predecessor-version":[{"id":10807,"href":"https:\/\/www.binaryconfidence.com\/en\/wp-json\/wp\/v2\/pages\/10127\/revisions\/10807"}],"wp:attachment":[{"href":"https:\/\/www.binaryconfidence.com\/en\/wp-json\/wp\/v2\/media?parent=10127"}],"curies":[{"name":"wp","href":"https:\/\/api.w.org\/{rel}","templated":true}]}}